{"id":53,"date":"2025-03-05T08:36:07","date_gmt":"2025-03-05T08:36:07","guid":{"rendered":"http:\/\/tvundpcstore.com\/?page_id=53"},"modified":"2026-01-21T09:33:00","modified_gmt":"2026-01-21T09:33:00","slug":"unsere-dienstleistungen","status":"publish","type":"page","link":"https:\/\/tvundpcstore.com\/?page_id=53","title":{"rendered":"Unsere Dienstleistungen"},"content":{"rendered":"\n<h2 class=\"wp-block-heading\">Allgemein<\/h2>\n\n\n\n<h3 class=\"wp-block-heading\">Handyreparatur \u2013 ab 79 \u20ac<\/h3>\n\n\n\n<p>zum Beispiel Displayreparatur.<br>Wir ermitteln die genauen Kosten und reparieren auf Wunsch Ihr Handy\/Smartphone schnell und zuverl\u00e4ssig, egal wo gekauft.<br><em>Auf Wunsch erhalten Sie ein Leihhandy f\u00fcr die Dauer der Reparatur gegen Aufpreis.<\/em><\/p>\n\n\n\n<p><\/p>\n\n\n\n<h3 class=\"wp-block-heading\">Anfahrt<\/h3>\n\n\n\n<p>Hessisch Lichtenau Kernstadt: kostenlos<br>bis 10 km 25,00\u20ac<br>bis 20 km 35,00 \u20ac<br>dar\u00fcber hinaus auf Anfrage.<\/p>\n\n\n\n<p><\/p>\n\n\n\n<h3 class=\"wp-block-heading\">Expressaufschlag \u2013 100,00 \u20ac<\/h3>\n\n\n\n<p>Wir ziehen Ihr Ger\u00e4t allen anderen vor und beschleunigen die Reparaturzeit.<\/p>\n\n\n\n<p><\/p>\n\n\n\n<h3 class=\"wp-block-heading\">Kostenvoranschlag \u2013 49,00 \u20ac*<\/h3>\n\n\n\n<p>*wird bei Reparaturauftragserteilung erstattet.<\/p>\n\n\n\n<p><\/p>\n\n\n\n<h3 class=\"wp-block-heading\">Altvertragsabwicklung \u2013 19,00 \u20ac pro Vertrag<\/h3>\n\n\n\n<p>Wir k\u00fcmmern uns um die rechtzeitige, schriftliche K\u00fcndigung Ihres Altvertrags bzw. Ihrer Altvertr\u00e4ge.<\/p>\n\n\n\n<p><\/p>\n\n\n\n<h3 class=\"wp-block-heading\">TV Lieferservice \u2013 80,00 \u20ac<\/h3>\n\n\n\n<p>Wir liefern Ihren neuen TV, bauen ihn auf und richten ihn nach Ihren W\u00fcnschen ein \u2013 z. B. Senderliste.<br>Anfahrt ist hier bereits inklusive.<\/p>\n\n\n\n<p><\/p>\n\n\n\n<h3 class=\"wp-block-heading\">Vor-Ort-Service<\/h3>\n\n\n\n<p>Preis pro Viertelstunde: 20,00 \u20ac<\/p>\n\n\n\n<p><\/p>\n\n\n\n<h3 class=\"wp-block-heading\">Service Fremdger\u00e4te \u2013 59,00 \u20ac<\/h3>\n\n\n\n<p>Wir k\u00fcmmern uns f\u00fcr Sie um die Garantieabwicklung nicht bei uns gekaufter Ger\u00e4te.<br>Inklusive aller anfallenden Versandkosten.<\/p>\n\n\n\n<p><\/p>\n\n\n\n<h2 class=\"wp-block-heading\">Notebooks\/PCs\/Windows-Tablets<\/h2>\n\n\n\n<h3 class=\"wp-block-heading\">Startklar Service \u2013 49,00 \u20ac<\/h3>\n\n\n\n<ul class=\"wp-block-list\">\n<li>Abschluss der Windows-Installation<\/li>\n\n\n\n<li>Durchf\u00fchrung aller Aktualisierungen<\/li>\n\n\n\n<li>Einrichtung Benutzerkonto<\/li>\n<\/ul>\n\n\n\n<h3 class=\"wp-block-heading\"><br>Startklar Service Plus \u2013 69,00 \u20ac<\/h3>\n\n\n\n<p>wie Startklar Service zzgl.:<\/p>\n\n\n\n<ul class=\"wp-block-list\">\n<li>Einrichtung E-Mail<\/li>\n\n\n\n<li>Installation von Wunschsoftware<\/li>\n<\/ul>\n\n\n\n<h3 class=\"wp-block-heading\"><br>Startklar Service Premium \u2013 129,00 \u20ac<\/h3>\n\n\n\n<p>wie Startklar Service Plus zzgl.:<\/p>\n\n\n\n<ul class=\"wp-block-list\">\n<li>&nbsp;Daten\u00fcbernahme vom Altsystem; nahezu alles wie gewohnt auf dem Neusystem\n<ul class=\"wp-block-list\">\n<li>z. B. Browser, Favoriten, Kennw\u00f6rter, Mails uvw.<\/li>\n<\/ul>\n<\/li>\n<\/ul>\n\n\n\n<h3 class=\"wp-block-heading\"><br>Startklar Service Ultimate \u2013 199,00 \u20ac<\/h3>\n\n\n\n<p>wie Startklar Service Premium zzgl.:<\/p>\n\n\n\n<ul class=\"wp-block-list\">\n<li>Liefern, Anschlie\u00dfen und Einrichten bei Ihnen Zuhause<\/li>\n\n\n\n<li>inkl. bis zu 90 Minuten Vor-Ort-Service; ggf. zzgl. Anfahrt<\/li>\n\n\n\n<li>ggf. Verbindung mit WLAN, Druckern, etc.<\/li>\n<\/ul>\n\n\n\n<h3 class=\"wp-block-heading\"><br>Fehlerdiagnose\/-suche \u2013 40,00 \u20ac  <\/h3>\n\n\n\n<p>wird bei Reparaturbeauftragung verrechnet<\/p>\n\n\n\n<p><\/p>\n\n\n\n<h3 class=\"wp-block-heading\">Datensicherung \u2013 49,00 \u20ac<\/h3>\n\n\n\n<p>Vor jeder Reparatur von uns empfohlen<\/p>\n\n\n\n<h3 class=\"wp-block-heading\">Datenrettung \u2013 ab 69,00 \u20ac (je nach Aufwand)<\/h3>\n\n\n\n<p>Datenwiederherstellung mit unseren Bordmitteln<\/p>\n\n\n\n<p><\/p>\n\n\n\n<h3 class=\"wp-block-heading\">Pauschale Werkstatt \u2013 59,00 \u20ac<\/h3>\n\n\n\n<p>Sollte das Problembild durch uns mit kleinerem Aufwand gel\u00f6st werden k\u00f6nnen, so berechnen wir nur diese Pauschale.<\/p>\n\n\n\n<h3 class=\"wp-block-heading\"><br>Installation Betriebssystem \u2013 100,00 \u20ac<\/h3>\n\n\n\n<p>Wir installieren das gew\u00fcnschte Betriebssystem inkl. aller Aktualisierungen und Treibern.<\/p>\n\n\n\n<h3 class=\"wp-block-heading\"><br>Festplatte Clonen \u2013 100,00 \u20ac<\/h3>\n\n\n\n<p>1 zu 1 Kopie Ihrer Festplatte auf anderen Datentr\u00e4ger<\/p>\n\n\n\n<p><\/p>\n\n\n\n<h3 class=\"wp-block-heading\">Systempr\u00fcfung PC\/Notebook \u2013 100,00 \u20ac<\/h3>\n\n\n\n<ul class=\"wp-block-list\">\n<li>\u00dcberpr\u00fcfung der Festplatte\/n<\/li>\n\n\n\n<li>Scan Ihres Systems nach Viren- und Schadsoftware<\/li>\n\n\n\n<li>Entfernung gefundener Sch\u00e4dlinge<\/li>\n\n\n\n<li>Reparatur des Betriebssystems<\/li>\n\n\n\n<li>Windows Aktualisierung<\/li>\n\n\n\n<li>Patchmanagement bei Drittanbietersoftware<\/li>\n\n\n\n<li>Empfehlung von Sicherheitssoftware<\/li>\n\n\n\n<li>Erg\u00e4nzung fehlender Ger\u00e4tetreiber<\/li>\n\n\n\n<li>Bereinigung und Optimierung des Systems<\/li>\n\n\n\n<li>Festplattendefragmentierung falls n\u00f6tig<\/li>\n<\/ul>\n\n\n\n<p><\/p>\n\n\n\n<h2 class=\"wp-block-heading\">Individuelle Einbauma\u00dfnahmen<\/h2>\n\n\n\n<h3 class=\"wp-block-heading\">Austausch Notebook-Display \u2013 89,00 \u20ac<\/h3>\n\n\n\n<p>zzgl. Hardware<\/p>\n\n\n\n<h3 class=\"wp-block-heading\"><br>Einbau Arbeitsspeicher (PC) \u2013 39,00 \u20ac<\/h3>\n\n\n\n<p>zzgl. Hardware<br><\/p>\n\n\n\n<h3 class=\"wp-block-heading\">Einbau Aufr\u00fcstkit (PC) \u2013 159,00 \u20ac<\/h3>\n\n\n\n<p>Sie haben Hardware erworben und m\u00f6chten, dass wir diese fachm\u00e4nnisch verbauen.<br>Inkl. Betriebssysteminstallation*<br>*ggf. zzgl. Lizenz<\/p>\n\n\n\n<p><\/p>\n\n\n\n<h3 class=\"wp-block-heading\">Einbau Arbeitsspeicher (Notebook) \u2013 ab 39,00 \u20ac (je nach Aufwand)<\/h3>\n\n\n\n<p>zzgl. Hardware<\/p>\n\n\n\n<h3 class=\"wp-block-heading\"><br>Einbau Grafikkarte (PC) \u2013 49,00 \u20ac<\/h3>\n\n\n\n<p>zzgl. Hardware<\/p>\n\n\n\n<h3 class=\"wp-block-heading\"><br>Innenreinigung PC \u2013 49,00 \u20ac<\/h3>\n\n\n\n<p>Innenreinigung Notebook \u2013 69,00 \u20ac<\/p>\n\n\n\n<p><\/p>\n\n\n\n<h2 class=\"wp-block-heading\">Smartphones\/Tablets<\/h2>\n\n\n\n<h3 class=\"wp-block-heading\">Startklar Service Smartphone \u2013 39,00 \u20ac<br>(50 % Rabatt auf bei uns gekauften Ger\u00e4ten)<\/h3>\n\n\n\n<ul class=\"wp-block-list\">\n<li>Abschluss der Erstinstallation<\/li>\n\n\n\n<li>Erstellung Google-Konto\/Apple-ID<\/li>\n\n\n\n<li>Einrichtung Whatsapp<\/li>\n<\/ul>\n\n\n\n<h3 class=\"wp-block-heading\"><br>Handyumzug \u2013 49,00 \u20ac (50 % Rabatt auf bei uns gekauften Ger\u00e4ten)<\/h3>\n\n\n\n<p>\u00dcbernahme aller Daten (Kontakte, Bilder, Videos, Whatsapp inkl. Chatverlauf*, Apps*)<\/p>\n\n\n\n<p>* Betriebssystem und Versionsnummern abh\u00e4ngig<\/p>\n\n\n\n<h3 class=\"wp-block-heading\"><br>SIM-Karten-Service \u2013 10,00 \u20ac<\/h3>\n\n\n\n<ul class=\"wp-block-list\">\n<li>SIM-Karte stanzen<\/li>\n\n\n\n<li>SIM-Karte verl\u00e4ngern<\/li>\n\n\n\n<li>SIM-Karte PIN\/PUK-Ermittlung<\/li>\n\n\n\n<li>Kartentausch<\/li>\n<\/ul>\n\n\n\n<h3 class=\"wp-block-heading\">App-Installation \u2013 19,00 \u20ac<\/h3>\n\n\n\n<p>Wir installieren Ihre WunschApp.<\/p>\n\n\n\n<h3 class=\"wp-block-heading\"><br>K\u00f6nnen Sie mal? \u2013 10,00 \u20ac<\/h3>\n\n\n\n<p>Klar, k\u00f6nnen wir. Wir helfen bei allen Fragen und kleineren Problemen rund ums Smart\u00adphone\/Handy. Bei erfolgreicher L\u00f6sung erlauben wir uns, genannte Service\u00adpauschale zu berechnen.<\/p>\n\n\n\n<h3 class=\"wp-block-heading\"><br>Smartphone Entsperrung \u2013 ab 49,00 \u20ac (je nach Aufwand)<\/h3>\n\n\n\n<p>PIN, Muster, etc. vergessen? Wir helfen weiter.<\/p>\n\n\n\n<h3 class=\"wp-block-heading\"><br>Smartphone Speicheroptimierung \u2013 39,00 \u20ac<\/h3>\n\n\n\n<p>ggf. zzgl. Hardware.<br>Kein Speicherplatz mehr?! Wir r\u00e4umen auf und schieben die Daten ggf. auf SD-Karte.<\/p>\n\n\n\n<p><\/p>\n\n\n\n<h2 class=\"wp-block-heading\">Beamer\/Leinwand<\/h2>\n\n\n\n<h3 class=\"wp-block-heading\">Beamer leihen \u2013 39,00 \u20ac pro Tag<\/h3>\n\n\n\n<p>zzgl. Kaution 100,00 \u20ac<\/p>\n\n\n\n<h3 class=\"wp-block-heading\">Leinwand leihen \u2013 19,00 \u20ac pro Tag<\/h3>\n\n\n\n<p><\/p>\n\n\n\n<h2 class=\"wp-block-heading\">Drucker<\/h2>\n\n\n\n<h3 class=\"wp-block-heading\">Drucker Wartung\/Reinigung \u2013 49,00 \u20ac<\/h3>\n\n\n\n<p>Wir reinigen die D\u00fcsen und ggf. den Druckkopf<\/p>\n","protected":false},"excerpt":{"rendered":"<p>Allgemein Handyreparatur \u2013 ab 79 \u20ac zum Beispiel Displayreparatur.Wir ermitteln die genauen Kosten und reparieren auf Wunsch Ihr Handy\/Smartphone schnell und zuverl\u00e4ssig, egal wo gekauft.Auf Wunsch erhalten Sie ein Leihhandy f\u00fcr die Dauer der Reparatur gegen Aufpreis. Anfahrt Hessisch Lichtenau Kernstadt: kostenlosbis 10 km 25,00\u20acbis 20 km 35,00 \u20acdar\u00fcber hinaus auf Anfrage. Expressaufschlag \u2013 100,00 [&hellip;]<\/p>\n","protected":false},"author":1,"featured_media":0,"parent":0,"menu_order":0,"comment_status":"closed","ping_status":"closed","template":"","meta":{"zakra_page_container_layout":"customizer","zakra_page_sidebar_layout":"customizer","zakra_remove_content_margin":false,"zakra_sidebar":"customizer","zakra_transparent_header":"customizer","zakra_logo":0,"zakra_main_header_style":"default","zakra_menu_item_color":"","zakra_menu_item_hover_color":"","zakra_menu_item_active_color":"","zakra_menu_active_style":"","zakra_page_header":true,"footnotes":""},"class_list":["post-53","page","type-page","status-publish","hentry"],"_links":{"self":[{"href":"https:\/\/tvundpcstore.com\/index.php?rest_route=\/wp\/v2\/pages\/53","targetHints":{"allow":["GET"]}}],"collection":[{"href":"https:\/\/tvundpcstore.com\/index.php?rest_route=\/wp\/v2\/pages"}],"about":[{"href":"https:\/\/tvundpcstore.com\/index.php?rest_route=\/wp\/v2\/types\/page"}],"author":[{"embeddable":true,"href":"https:\/\/tvundpcstore.com\/index.php?rest_route=\/wp\/v2\/users\/1"}],"replies":[{"embeddable":true,"href":"https:\/\/tvundpcstore.com\/index.php?rest_route=%2Fwp%2Fv2%2Fcomments&post=53"}],"version-history":[{"count":7,"href":"https:\/\/tvundpcstore.com\/index.php?rest_route=\/wp\/v2\/pages\/53\/revisions"}],"predecessor-version":[{"id":154,"href":"https:\/\/tvundpcstore.com\/index.php?rest_route=\/wp\/v2\/pages\/53\/revisions\/154"}],"wp:attachment":[{"href":"https:\/\/tvundpcstore.com\/index.php?rest_route=%2Fwp%2Fv2%2Fmedia&parent=53"}],"curies":[{"name":"wp","href":"https:\/\/api.w.org\/{rel}","templated":true}]}}